{"id":293,"date":"2024-06-19T10:52:35","date_gmt":"2024-06-19T10:52:35","guid":{"rendered":"https:\/\/wow.artgames.ro\/?page_id=293"},"modified":"2024-11-05T20:32:06","modified_gmt":"2024-11-05T20:32:06","slug":"presa","status":"publish","type":"page","link":"https:\/\/wow.artgames.ro\/?page_id=293","title":{"rendered":"Apari\u021bii \u00een pres\u0103"},"content":{"rendered":"\t\t<div data-elementor-type=\"wp-page\" data-elementor-id=\"293\" class=\"elementor elementor-293\" data-elementor-post-type=\"page\">\n\t\t\t\t<div class=\"elementor-element elementor-element-2a9e6ea e-flex e-con-boxed e-con e-parent\" data-id=\"2a9e6ea\" data-element_type=\"container\" data-settings=\"{&quot;background_background&quot;:&quot;classic&quot;}\">\n\t\t\t\t\t<div class=\"e-con-inner\">\n\t\t<div class=\"elementor-element elementor-element-fbeadcb e-con-full e-flex e-con e-child\" data-id=\"fbeadcb\" data-element_type=\"container\" data-settings=\"{&quot;background_background&quot;:&quot;classic&quot;}\">\n\t\t\t\t<div class=\"elementor-element elementor-element-4d73485 elementor-invisible elementor-widget elementor-widget-heading\" data-id=\"4d73485\" data-element_type=\"widget\" data-settings=\"{&quot;_animation&quot;:&quot;fadeIn&quot;,&quot;_animation_delay&quot;:400}\" data-widget_type=\"heading.default\">\n\t\t\t\t<div class=\"elementor-widget-container\">\n\t\t\t<h1 class=\"elementor-heading-title elementor-size-default\">Pres\u0103<\/h1>\t\t<\/div>\n\t\t\t\t<\/div>\n\t\t\t\t<\/div>\n\t\t\t\t<div class=\"elementor-element elementor-element-dbcb101 elementor-widget__width-auto elementor-absolute elementor-view-default elementor-widget elementor-widget-icon\" data-id=\"dbcb101\" data-element_type=\"widget\" data-settings=\"{&quot;_position&quot;:&quot;absolute&quot;,&quot;motion_fx_motion_fx_scrolling&quot;:&quot;yes&quot;,&quot;motion_fx_translateY_effect&quot;:&quot;yes&quot;,&quot;motion_fx_translateY_direction&quot;:&quot;negative&quot;,&quot;motion_fx_translateY_speed&quot;:{&quot;unit&quot;:&quot;px&quot;,&quot;size&quot;:1,&quot;sizes&quot;:[]},&quot;motion_fx_rotateZ_effect&quot;:&quot;yes&quot;,&quot;motion_fx_translateY_affectedRange&quot;:{&quot;unit&quot;:&quot;%&quot;,&quot;size&quot;:&quot;&quot;,&quot;sizes&quot;:{&quot;start&quot;:0,&quot;end&quot;:100}},&quot;motion_fx_rotateZ_speed&quot;:{&quot;unit&quot;:&quot;px&quot;,&quot;size&quot;:1,&quot;sizes&quot;:[]},&quot;motion_fx_rotateZ_affectedRange&quot;:{&quot;unit&quot;:&quot;%&quot;,&quot;size&quot;:&quot;&quot;,&quot;sizes&quot;:{&quot;start&quot;:0,&quot;end&quot;:100}},&quot;motion_fx_devices&quot;:[&quot;desktop&quot;,&quot;tablet&quot;,&quot;mobile&quot;]}\" data-widget_type=\"icon.default\">\n\t\t\t\t<div class=\"elementor-widget-container\">\n\t\t\t\t\t<div class=\"elementor-icon-wrapper\">\n\t\t\t<div class=\"elementor-icon\">\n\t\t\t<svg xmlns=\"http:\/\/www.w3.org\/2000\/svg\" id=\"a\" width=\"80.73\" height=\"81.52\" viewBox=\"0 0 80.73 81.52\"><defs><style>.b{fill:none;stroke-miterlimit:10;stroke-width:1.3px;}.b,.c{stroke:#050505;}.c{stroke-miterlimit:10;stroke-width:1.3px;}<\/style><\/defs><ellipse class=\"c\" cx=\"40.37\" cy=\"40.76\" rx=\"39.28\" ry=\"40.53\" transform=\"translate(-16.23 31.39) rotate(-35.88)\"><\/ellipse><path class=\"b\" d=\"M22.01,15.35c13.59-9.83,32.84-6.44,42.99,7.59\"><\/path><\/svg>\t\t\t<\/div>\n\t\t<\/div>\n\t\t\t\t<\/div>\n\t\t\t\t<\/div>\n\t\t\t\t<div class=\"elementor-element elementor-element-242ae40 elementor-widget__width-auto elementor-absolute elementor-view-default elementor-widget elementor-widget-icon\" data-id=\"242ae40\" data-element_type=\"widget\" data-settings=\"{&quot;_position&quot;:&quot;absolute&quot;,&quot;motion_fx_motion_fx_scrolling&quot;:&quot;yes&quot;,&quot;motion_fx_translateY_effect&quot;:&quot;yes&quot;,&quot;motion_fx_translateY_direction&quot;:&quot;negative&quot;,&quot;motion_fx_translateY_speed&quot;:{&quot;unit&quot;:&quot;px&quot;,&quot;size&quot;:0.8,&quot;sizes&quot;:[]},&quot;motion_fx_rotateZ_effect&quot;:&quot;yes&quot;,&quot;motion_fx_translateY_affectedRange&quot;:{&quot;unit&quot;:&quot;%&quot;,&quot;size&quot;:&quot;&quot;,&quot;sizes&quot;:{&quot;start&quot;:0,&quot;end&quot;:100}},&quot;motion_fx_rotateZ_speed&quot;:{&quot;unit&quot;:&quot;px&quot;,&quot;size&quot;:1,&quot;sizes&quot;:[]},&quot;motion_fx_rotateZ_affectedRange&quot;:{&quot;unit&quot;:&quot;%&quot;,&quot;size&quot;:&quot;&quot;,&quot;sizes&quot;:{&quot;start&quot;:0,&quot;end&quot;:100}},&quot;motion_fx_devices&quot;:[&quot;desktop&quot;,&quot;tablet&quot;,&quot;mobile&quot;]}\" data-widget_type=\"icon.default\">\n\t\t\t\t<div class=\"elementor-widget-container\">\n\t\t\t\t\t<div class=\"elementor-icon-wrapper\">\n\t\t\t<div class=\"elementor-icon\">\n\t\t\t<svg xmlns=\"http:\/\/www.w3.org\/2000\/svg\" id=\"a\" width=\"80.73\" height=\"81.52\" viewBox=\"0 0 80.73 81.52\"><defs><style>.b{fill:none;stroke-miterlimit:10;stroke-width:1.3px;}.b,.c{stroke:#050505;}.c{stroke-miterlimit:10;stroke-width:1.3px;}<\/style><\/defs><ellipse class=\"c\" cx=\"40.37\" cy=\"40.76\" rx=\"39.28\" ry=\"40.53\" transform=\"translate(-16.23 31.39) rotate(-35.88)\"><\/ellipse><path class=\"b\" d=\"M22.01,15.35c13.59-9.83,32.84-6.44,42.99,7.59\"><\/path><\/svg>\t\t\t<\/div>\n\t\t<\/div>\n\t\t\t\t<\/div>\n\t\t\t\t<\/div>\n\t\t\t\t<div class=\"elementor-element elementor-element-d9839c4 elementor-widget__width-auto elementor-absolute elementor-view-default elementor-widget elementor-widget-icon\" data-id=\"d9839c4\" data-element_type=\"widget\" data-settings=\"{&quot;_position&quot;:&quot;absolute&quot;,&quot;motion_fx_motion_fx_scrolling&quot;:&quot;yes&quot;,&quot;motion_fx_translateY_effect&quot;:&quot;yes&quot;,&quot;motion_fx_translateY_speed&quot;:{&quot;unit&quot;:&quot;px&quot;,&quot;size&quot;:0.6,&quot;sizes&quot;:[]},&quot;motion_fx_rotateZ_effect&quot;:&quot;yes&quot;,&quot;motion_fx_translateY_affectedRange&quot;:{&quot;unit&quot;:&quot;%&quot;,&quot;size&quot;:&quot;&quot;,&quot;sizes&quot;:{&quot;start&quot;:0,&quot;end&quot;:100}},&quot;motion_fx_rotateZ_speed&quot;:{&quot;unit&quot;:&quot;px&quot;,&quot;size&quot;:1,&quot;sizes&quot;:[]},&quot;motion_fx_rotateZ_affectedRange&quot;:{&quot;unit&quot;:&quot;%&quot;,&quot;size&quot;:&quot;&quot;,&quot;sizes&quot;:{&quot;start&quot;:0,&quot;end&quot;:100}},&quot;motion_fx_devices&quot;:[&quot;desktop&quot;,&quot;tablet&quot;,&quot;mobile&quot;]}\" data-widget_type=\"icon.default\">\n\t\t\t\t<div class=\"elementor-widget-container\">\n\t\t\t\t\t<div class=\"elementor-icon-wrapper\">\n\t\t\t<div class=\"elementor-icon\">\n\t\t\t<svg xmlns=\"http:\/\/www.w3.org\/2000\/svg\" id=\"a\" width=\"80.73\" height=\"81.52\" viewBox=\"0 0 80.73 81.52\"><defs><style>.b{fill:none;stroke-miterlimit:10;stroke-width:1.3px;}.b,.c{stroke:#050505;}.c{stroke-miterlimit:10;stroke-width:1.3px;}<\/style><\/defs><ellipse class=\"c\" cx=\"40.37\" cy=\"40.76\" rx=\"39.28\" ry=\"40.53\" transform=\"translate(-16.23 31.39) rotate(-35.88)\"><\/ellipse><path class=\"b\" d=\"M22.01,15.35c13.59-9.83,32.84-6.44,42.99,7.59\"><\/path><\/svg>\t\t\t<\/div>\n\t\t<\/div>\n\t\t\t\t<\/div>\n\t\t\t\t<\/div>\n\t\t\t\t<div class=\"elementor-element elementor-element-45464f7 elementor-widget__width-initial elementor-absolute elementor-widget elementor-widget-image\" data-id=\"45464f7\" data-element_type=\"widget\" data-settings=\"{&quot;_position&quot;:&quot;absolute&quot;,&quot;motion_fx_motion_fx_scrolling&quot;:&quot;yes&quot;,&quot;motion_fx_translateX_effect&quot;:&quot;yes&quot;,&quot;motion_fx_translateX_direction&quot;:&quot;negative&quot;,&quot;motion_fx_translateX_speed&quot;:{&quot;unit&quot;:&quot;px&quot;,&quot;size&quot;:0.7,&quot;sizes&quot;:[]},&quot;motion_fx_motion_fx_mouse&quot;:&quot;yes&quot;,&quot;motion_fx_mouseTrack_effect&quot;:&quot;yes&quot;,&quot;motion_fx_mouseTrack_speed&quot;:{&quot;unit&quot;:&quot;px&quot;,&quot;size&quot;:0.2,&quot;sizes&quot;:[]},&quot;motion_fx_tilt_effect&quot;:&quot;yes&quot;,&quot;motion_fx_tilt_speed&quot;:{&quot;unit&quot;:&quot;px&quot;,&quot;size&quot;:0.4,&quot;sizes&quot;:[]},&quot;_animation&quot;:&quot;none&quot;,&quot;motion_fx_translateX_affectedRange&quot;:{&quot;unit&quot;:&quot;%&quot;,&quot;size&quot;:&quot;&quot;,&quot;sizes&quot;:{&quot;start&quot;:0,&quot;end&quot;:100}},&quot;motion_fx_devices&quot;:[&quot;desktop&quot;,&quot;tablet&quot;,&quot;mobile&quot;]}\" data-widget_type=\"image.default\">\n\t\t\t\t<div class=\"elementor-widget-container\">\n\t\t\t\t\t\t\t\t\t\t\t\t\t<img decoding=\"async\" width=\"100\" height=\"100\" src=\"https:\/\/wow.artgames.ro\/wp-content\/uploads\/2024\/10\/console.svg\" class=\"attachment-large size-large wp-image-794\" alt=\"\" \/>\t\t\t\t\t\t\t\t\t\t\t\t\t<\/div>\n\t\t\t\t<\/div>\n\t\t\t\t<div class=\"elementor-element elementor-element-21c2197 elementor-widget__width-initial elementor-absolute elementor-widget elementor-widget-image\" data-id=\"21c2197\" data-element_type=\"widget\" data-settings=\"{&quot;_position&quot;:&quot;absolute&quot;,&quot;motion_fx_motion_fx_scrolling&quot;:&quot;yes&quot;,&quot;motion_fx_translateX_effect&quot;:&quot;yes&quot;,&quot;motion_fx_translateX_speed&quot;:{&quot;unit&quot;:&quot;px&quot;,&quot;size&quot;:1.2,&quot;sizes&quot;:[]},&quot;motion_fx_motion_fx_mouse&quot;:&quot;yes&quot;,&quot;motion_fx_mouseTrack_effect&quot;:&quot;yes&quot;,&quot;motion_fx_mouseTrack_speed&quot;:{&quot;unit&quot;:&quot;px&quot;,&quot;size&quot;:0.1,&quot;sizes&quot;:[]},&quot;motion_fx_tilt_effect&quot;:&quot;yes&quot;,&quot;motion_fx_tilt_speed&quot;:{&quot;unit&quot;:&quot;px&quot;,&quot;size&quot;:0.7,&quot;sizes&quot;:[]},&quot;motion_fx_translateX_affectedRange&quot;:{&quot;unit&quot;:&quot;%&quot;,&quot;size&quot;:&quot;&quot;,&quot;sizes&quot;:{&quot;start&quot;:0,&quot;end&quot;:100}},&quot;motion_fx_devices&quot;:[&quot;desktop&quot;,&quot;tablet&quot;,&quot;mobile&quot;]}\" data-widget_type=\"image.default\">\n\t\t\t\t<div class=\"elementor-widget-container\">\n\t\t\t\t\t\t\t\t\t\t\t\t\t<img decoding=\"async\" width=\"100\" height=\"100\" src=\"https:\/\/wow.artgames.ro\/wp-content\/uploads\/2024\/10\/laptop-bug.svg\" class=\"attachment-large size-large wp-image-832\" alt=\"\" \/>\t\t\t\t\t\t\t\t\t\t\t\t\t<\/div>\n\t\t\t\t<\/div>\n\t\t\t\t<div class=\"elementor-element elementor-element-12173ae elementor-widget__width-initial elementor-absolute elementor-widget elementor-widget-image\" data-id=\"12173ae\" data-element_type=\"widget\" data-settings=\"{&quot;_position&quot;:&quot;absolute&quot;,&quot;motion_fx_motion_fx_scrolling&quot;:&quot;yes&quot;,&quot;motion_fx_translateX_effect&quot;:&quot;yes&quot;,&quot;motion_fx_translateX_speed&quot;:{&quot;unit&quot;:&quot;px&quot;,&quot;size&quot;:0.7,&quot;sizes&quot;:[]},&quot;motion_fx_motion_fx_mouse&quot;:&quot;yes&quot;,&quot;motion_fx_mouseTrack_effect&quot;:&quot;yes&quot;,&quot;motion_fx_mouseTrack_direction&quot;:&quot;negative&quot;,&quot;motion_fx_mouseTrack_speed&quot;:{&quot;unit&quot;:&quot;px&quot;,&quot;size&quot;:0.2,&quot;sizes&quot;:[]},&quot;motion_fx_tilt_effect&quot;:&quot;yes&quot;,&quot;motion_fx_tilt_direction&quot;:&quot;negative&quot;,&quot;motion_fx_tilt_speed&quot;:{&quot;unit&quot;:&quot;px&quot;,&quot;size&quot;:0.6,&quot;sizes&quot;:[]},&quot;motion_fx_translateX_direction&quot;:&quot;negative&quot;,&quot;motion_fx_translateX_affectedRange&quot;:{&quot;unit&quot;:&quot;%&quot;,&quot;size&quot;:&quot;&quot;,&quot;sizes&quot;:{&quot;start&quot;:0,&quot;end&quot;:100}},&quot;motion_fx_devices&quot;:[&quot;desktop&quot;,&quot;tablet&quot;,&quot;mobile&quot;]}\" data-widget_type=\"image.default\">\n\t\t\t\t<div class=\"elementor-widget-container\">\n\t\t\t\t\t\t\t\t\t\t\t\t\t<img decoding=\"async\" width=\"100\" height=\"100\" src=\"https:\/\/wow.artgames.ro\/wp-content\/uploads\/2024\/10\/logs-folder.svg\" class=\"attachment-large size-large wp-image-836\" alt=\"\" \/>\t\t\t\t\t\t\t\t\t\t\t\t\t<\/div>\n\t\t\t\t<\/div>\n\t\t\t\t\t<\/div>\n\t\t\t\t<\/div>\n\t\t<div class=\"elementor-element elementor-element-f77fb6e e-flex e-con-boxed e-con e-parent\" data-id=\"f77fb6e\" data-element_type=\"container\">\n\t\t\t\t\t<div class=\"e-con-inner\">\n\t\t<div class=\"elementor-element elementor-element-ce1bddd e-con-full elementor-hidden-mobile e-flex e-con e-child\" data-id=\"ce1bddd\" data-element_type=\"container\">\n\t\t\t\t<\/div>\n\t\t<div class=\"elementor-element elementor-element-2c769a2 e-con-full e-flex e-con e-child\" data-id=\"2c769a2\" data-element_type=\"container\">\n\t\t\t\t<div class=\"elementor-element elementor-element-420ef4b elementor-widget elementor-widget-heading\" data-id=\"420ef4b\" data-element_type=\"widget\" data-widget_type=\"heading.default\">\n\t\t\t\t<div class=\"elementor-widget-container\">\n\t\t\t<h2 class=\"elementor-heading-title elementor-size-default\">Ionu\u021b Albu, CEO &amp; Co-founder Art Games la ZF Tech Day: <br>\n\u0162intim s\u0103 ajungem la afaceri de 1,5 mil. euro anul acesta. Avem \u00een portofoliu solu\u0163ii de digitalizare \u00een domeniul artei \u015fi \u00een sectorul financiar-bancar. Iar acum lucr\u0103m la o nou\u0103 solu\u0163ie de identificare \u00een online<\/h2>\t\t<\/div>\n\t\t\t\t<\/div>\n\t\t\t\t<div class=\"elementor-element elementor-element-aeacea9 elementor-widget elementor-widget-text-editor\" data-id=\"aeacea9\" data-element_type=\"widget\" data-widget_type=\"text-editor.default\">\n\t\t\t\t<div class=\"elementor-widget-container\">\n\t\t\t\t\t\t\t<p>Compania local\u0103 Art Games, parte din grupul Artmark, activ \u00een domeniul licita\u0163iilor de art\u0103, \u015fi-a propus s\u0103 ajung\u0103 anul acesta la afaceri de 1,5 milioane euro, mai mult dec\u00e2t dublu comparativ cu 2023, c\u00e2nd a \u00eenregistrat o cifr\u0103 de afaceri de 700.000 de euro. Compania \u015fi-a \u00eenceput activitatea cu solu\u0163ii de digitalizare \u00een domeniul artei \u015fi a continuat apoi s\u0103 se extind\u0103 cu prec\u0103dere \u00een zona financiar-bancar\u0103. Mai exact, Art Games are \u00een portofoliul s\u0103u platforma Artmark de licita\u0163ii online de art\u0103, sistemul eVote de participare \u015fi vot online pentru companiile listate la burs\u0103 \u015fi platforme pentru leasing dezvoltate pentru BCR Leasing \u015fi Moov Leasing.<\/p>\t\t\t\t\t\t<\/div>\n\t\t\t\t<\/div>\n\t\t\t\t<div class=\"elementor-element elementor-element-ddc1ed8 elementor-align-center elementor-widget elementor-widget-button\" data-id=\"ddc1ed8\" data-element_type=\"widget\" data-widget_type=\"button.default\">\n\t\t\t\t<div class=\"elementor-widget-container\">\n\t\t\t\t\t\t\t<div class=\"elementor-button-wrapper\">\n\t\t\t\t\t<a class=\"elementor-button elementor-button-link elementor-size-sm\" href=\"https:\/\/www.zf.ro\/techday\/zf-tech-day-ionut-albu-fondator-art-games-dezvoltator-solutii-22374978\" target=\"_blank\">\n\t\t\t\t\t\t<span class=\"elementor-button-content-wrapper\">\n\t\t\t\t\t\t\t\t\t<span class=\"elementor-button-text\">Cite\u0219te continuarea!<\/span>\n\t\t\t\t\t<\/span>\n\t\t\t\t\t<\/a>\n\t\t\t\t<\/div>\n\t\t\t\t\t\t<\/div>\n\t\t\t\t<\/div>\n\t\t\t\t<\/div>\n\t\t<div class=\"elementor-element elementor-element-ab23d69 e-con-full e-flex e-con e-child\" data-id=\"ab23d69\" data-element_type=\"container\">\n\t\t\t\t<\/div>\n\t\t\t\t\t<\/div>\n\t\t\t\t<\/div>\n\t\t<div class=\"elementor-element elementor-element-5872002 e-flex e-con-boxed e-con e-parent\" data-id=\"5872002\" data-element_type=\"container\">\n\t\t\t\t\t<div class=\"e-con-inner\">\n\t\t<div class=\"elementor-element elementor-element-9959c39 e-con-full elementor-hidden-mobile e-flex e-con e-child\" data-id=\"9959c39\" data-element_type=\"container\">\n\t\t\t\t<\/div>\n\t\t<div class=\"elementor-element elementor-element-45b6870 e-con-full e-flex e-con e-child\" data-id=\"45b6870\" data-element_type=\"container\">\n\t\t\t\t<div class=\"elementor-element elementor-element-e858d54 elementor-widget elementor-widget-heading\" data-id=\"e858d54\" data-element_type=\"widget\" data-widget_type=\"heading.default\">\n\t\t\t\t<div class=\"elementor-widget-container\">\n\t\t\t<h2 class=\"elementor-heading-title elementor-size-default\">Ionu\u021b Albu, CEO &amp; Co-founder Art Games, interviu \u00een Economica.net: <br>\nArt Games, parte a grupului Artmark, vrea s\u0103 duc\u0103 licita\u021biile \u00een timp real \u00een Grecia \u0219i Turcia \u0219i p\u00e2n\u0103 \u00een Asia. Ionu\u021b Albu, CEO \u0219i fondator: Va contribui la cre\u0219terea veniturilor Art Games \u0219i la consolidarea prezen\u021bei noastre\n<\/h2>\t\t<\/div>\n\t\t\t\t<\/div>\n\t\t\t\t<div class=\"elementor-element elementor-element-f5c08ef elementor-widget elementor-widget-text-editor\" data-id=\"f5c08ef\" data-element_type=\"widget\" data-widget_type=\"text-editor.default\">\n\t\t\t\t<div class=\"elementor-widget-container\">\n\t\t\t\t\t\t\t<p>Art Games a ap\u0103rut \u00een 2008 ca parte a casei de licita\u021bii Artmark, iar \u00een 2013 s-a desprins de aceasta \u00eentr-o companie de sine st\u0103t\u0103toare, \u0219i a devenit un centru de servicii de IT integrat pentru toate companiile Grupului. \u00cen prezent, Artmark Holding de\u021bine \u00een continuare un pachet majoritar la Art Games, care are \u00een portofoliul de clien\u021bi companii din pia\u021ba de capital \u0219i Finance, Pharma.<\/p><p>\u201dArt Games \u00ee\u0219i are originile \u00een 2008, odat\u0103 cu lansarea casei de licita\u021bii Artmark, ast\u0103zi principalul marketplace cultural din pia\u021ba de art\u0103 din Rom\u00e2nia. Alexandru B\u00e2ldea, co-fondator Artmark, m-a cooptat \u00een echip\u0103 ca director al Departamentului de IT \u0219i Inovare. Obiectivul nostru a fost unul foarte clar: s\u0103 contribuim la dezvoltarea tehnologic\u0103 a companiei \u0219i la transformarea digital\u0103 a unui domeniu extrem de conservator, comer\u021bul cu art\u0103\u201d, poveste\u0219te Ionu\u021b Albu despre \u00eenceputurile companiei.<\/p>\t\t\t\t\t\t<\/div>\n\t\t\t\t<\/div>\n\t\t\t\t<div class=\"elementor-element elementor-element-ad50316 elementor-align-center elementor-widget elementor-widget-button\" data-id=\"ad50316\" data-element_type=\"widget\" data-widget_type=\"button.default\">\n\t\t\t\t<div class=\"elementor-widget-container\">\n\t\t\t\t\t\t\t<div class=\"elementor-button-wrapper\">\n\t\t\t\t\t<a class=\"elementor-button elementor-button-link elementor-size-sm\" href=\"https:\/\/www.economica.net\/art-games-parte-a-grupului-artmark-vrea-sa-duca-licitatiile-in-timp-real-in-grecia-si-turcia-si-pana-in-asia-ionut-albu-ceo-si-fondator-va-contribui-la-cresterea-veniturilor-art-games-si-la-conso_757418.html\/amp\" target=\"_blank\">\n\t\t\t\t\t\t<span class=\"elementor-button-content-wrapper\">\n\t\t\t\t\t\t\t\t\t<span class=\"elementor-button-text\">Cite\u0219te continuarea!<\/span>\n\t\t\t\t\t<\/span>\n\t\t\t\t\t<\/a>\n\t\t\t\t<\/div>\n\t\t\t\t\t\t<\/div>\n\t\t\t\t<\/div>\n\t\t\t\t<\/div>\n\t\t<div class=\"elementor-element elementor-element-d67fa11 e-con-full e-flex e-con e-child\" data-id=\"d67fa11\" data-element_type=\"container\">\n\t\t\t\t<\/div>\n\t\t\t\t\t<\/div>\n\t\t\t\t<\/div>\n\t\t<div class=\"elementor-element elementor-element-fff23f0 e-flex e-con-boxed e-con e-parent\" data-id=\"fff23f0\" data-element_type=\"container\">\n\t\t\t\t\t<div class=\"e-con-inner\">\n\t\t<div class=\"elementor-element elementor-element-4bbfbf2 e-con-full elementor-hidden-mobile e-flex e-con e-child\" data-id=\"4bbfbf2\" data-element_type=\"container\">\n\t\t\t\t<\/div>\n\t\t<div class=\"elementor-element elementor-element-b8c4561 e-con-full e-flex e-con e-child\" data-id=\"b8c4561\" data-element_type=\"container\">\n\t\t\t\t<div class=\"elementor-element elementor-element-b81ed89 elementor-widget elementor-widget-heading\" data-id=\"b81ed89\" data-element_type=\"widget\" data-widget_type=\"heading.default\">\n\t\t\t\t<div class=\"elementor-widget-container\">\n\t\t\t<h2 class=\"elementor-heading-title elementor-size-default\">Ionu\u021b Albu, CEO &amp; Co-founder Art Games, interviu \u00een Economica.net: <br>\nAI ar putea sprijini dezvoltarea economic\u0103 \u0219i social\u0103 a Rom\u00e2niei. Este necesar\u0103 o schimbare de mentalitate la nivelul administra\u021biei publice\n<\/h2>\t\t<\/div>\n\t\t\t\t<\/div>\n\t\t\t\t<div class=\"elementor-element elementor-element-65ef62c elementor-widget elementor-widget-text-editor\" data-id=\"65ef62c\" data-element_type=\"widget\" data-widget_type=\"text-editor.default\">\n\t\t\t\t<div class=\"elementor-widget-container\">\n\t\t\t\t\t\t\t<p>\u201dAI ar putea sprijini dezvoltarea economic\u0103 \u0219i social\u0103 a Rom\u00e2niei, \u0219i, \u00een plus, ar oferi \u0219i oportunit\u0103\u021bi extraordinare pentru inova\u021bie \u0219i progres tehnologic \u00een diverse domenii, f\u0103c\u00e2nd via\u021ba cet\u0103\u021benilor mai bun\u0103 \u0219i mai sustenabil\u0103\u201d, a spus Ionu\u021b Albu, \u00eentr-un interviu pentru Economic\u0103.net.<\/p><p>Compania Art Games, parte din grupul Artmark, activ \u00een domeniul licita\u0163iilor de art\u0103, \u015fi-a propus s\u0103 ajung\u0103 anul acesta la afaceri de 1 milion de euro, o cre\u0219tere de circa 43% comparativ cu 2023, c\u00e2nd a \u00eenregistrat o cifr\u0103 de afaceri de 700.000 de euro. Compania \u015fi-a \u00eenceput activitatea cu solu\u0163ii de digitalizare \u00een domeniul artei \u015fi a continuat apoi s\u0103 se extind\u0103 cu prec\u0103dere \u00een zona financiar-bancar\u0103, dar \u0219i pharma \u0219i are \u00een vedere expansiunea \u00een regiune, dar \u0219i \u00een Asia.<\/p><p>Albu a identificat mai multe aplica\u021bii \u00een care inteligen\u021ba artificial\u0103 poate transforma modul \u00een care rom\u00e2nii tr\u0103iesc \u0219i lucreaz\u0103.<\/p><p>\u201dAI ar trebui privit ca un instrument care ne ajut\u0103 s\u0103 fim mai eficien\u021bi \u0219i s\u0103 inov\u0103m, de aceea rolul lui este important \u00een orice domeniu, de la art\u0103, pia\u021ba de capital, HR, IT, la s\u0103n\u0103tate, transporturi \u0219i agricultur\u0103. Bine\u00een\u021beles, mai este p\u00e2n\u0103 atunci, dar ne permitem s\u0103 g\u00e2ndim \u00een viitor\u201d, spune acesta.<\/p>\t\t\t\t\t\t<\/div>\n\t\t\t\t<\/div>\n\t\t\t\t<div class=\"elementor-element elementor-element-1730339 elementor-align-center elementor-widget elementor-widget-button\" data-id=\"1730339\" data-element_type=\"widget\" data-widget_type=\"button.default\">\n\t\t\t\t<div class=\"elementor-widget-container\">\n\t\t\t\t\t\t\t<div class=\"elementor-button-wrapper\">\n\t\t\t\t\t<a class=\"elementor-button elementor-button-link elementor-size-sm\" href=\"https:\/\/www.economica.net\/ionut-albu-ceo-si-fondator-art-games-ai-ar-putea-sprijini-dezvoltarea-economica-si-sociala-a-romaniei-este-necesara-o-schimbare-de-mentalitate-la-nivelul-administratiei-publice_758307.html\/amp\" target=\"_blank\">\n\t\t\t\t\t\t<span class=\"elementor-button-content-wrapper\">\n\t\t\t\t\t\t\t\t\t<span class=\"elementor-button-text\">Cite\u0219te continuarea!<\/span>\n\t\t\t\t\t<\/span>\n\t\t\t\t\t<\/a>\n\t\t\t\t<\/div>\n\t\t\t\t\t\t<\/div>\n\t\t\t\t<\/div>\n\t\t\t\t<\/div>\n\t\t<div class=\"elementor-element elementor-element-746fa80 e-con-full e-flex e-con e-child\" data-id=\"746fa80\" data-element_type=\"container\">\n\t\t\t\t<\/div>\n\t\t\t\t\t<\/div>\n\t\t\t\t<\/div>\n\t\t<div class=\"elementor-element elementor-element-52aaeb0 e-flex e-con-boxed e-con e-parent\" data-id=\"52aaeb0\" data-element_type=\"container\">\n\t\t\t\t\t<div class=\"e-con-inner\">\n\t\t\t\t\t<\/div>\n\t\t\t\t<\/div>\n\t\t\t\t<\/div>\n\t\t","protected":false},"excerpt":{"rendered":"<p>Pres\u0103 Ionu\u021b Albu, CEO &amp; Co-founder Art Games la ZF Tech Day: \u0162intim s\u0103 ajungem la afaceri de 1,5 mil. euro anul acesta. Avem \u00een portofoliu solu\u0163ii de digitalizare \u00een domeniul artei \u015fi \u00een sectorul financiar-bancar. Iar acum lucr\u0103m la o nou\u0103 solu\u0163ie de identificare \u00een online Compania local\u0103 Art Games, parte din grupul Artmark, [&hellip;]<\/p>\n","protected":false},"author":4,"featured_media":0,"parent":0,"menu_order":0,"comment_status":"closed","ping_status":"closed","template":"elementor_theme","meta":{"footnotes":""},"class_list":["post-293","page","type-page","status-publish","hentry"],"_links":{"self":[{"href":"https:\/\/wow.artgames.ro\/index.php?rest_route=\/wp\/v2\/pages\/293","targetHints":{"allow":["GET"]}}],"collection":[{"href":"https:\/\/wow.artgames.ro\/index.php?rest_route=\/wp\/v2\/pages"}],"about":[{"href":"https:\/\/wow.artgames.ro\/index.php?rest_route=\/wp\/v2\/types\/page"}],"author":[{"embeddable":true,"href":"https:\/\/wow.artgames.ro\/index.php?rest_route=\/wp\/v2\/users\/4"}],"replies":[{"embeddable":true,"href":"https:\/\/wow.artgames.ro\/index.php?rest_route=%2Fwp%2Fv2%2Fcomments&post=293"}],"version-history":[{"count":172,"href":"https:\/\/wow.artgames.ro\/index.php?rest_route=\/wp\/v2\/pages\/293\/revisions"}],"predecessor-version":[{"id":1337,"href":"https:\/\/wow.artgames.ro\/index.php?rest_route=\/wp\/v2\/pages\/293\/revisions\/1337"}],"wp:attachment":[{"href":"https:\/\/wow.artgames.ro\/index.php?rest_route=%2Fwp%2Fv2%2Fmedia&parent=293"}],"curies":[{"name":"wp","href":"https:\/\/api.w.org\/{rel}","templated":true}]}}